{"id":9135,"date":"2022-05-03T11:23:09","date_gmt":"2022-05-03T11:23:09","guid":{"rendered":"https:\/\/italiantaste.es\/vino-italiano-nelle-isole-canarie\/"},"modified":"2022-05-03T11:24:49","modified_gmt":"2022-05-03T11:24:49","slug":"vino-italiano-nelle-isole-canarie","status":"publish","type":"page","link":"https:\/\/italiantaste.es\/it\/vino-italiano-nelle-isole-canarie\/","title":{"rendered":"Vino italiano nelle isole Canarie"},"content":{"rendered":"\n<div id=\"wp-block-themeisle-blocks-advanced-columns-4f1a0950\" class=\"wp-block-themeisle-blocks-advanced-columns has-1-columns has-desktop-equal-layout has-tablet-equal-layout has-mobile-equal-layout has-vertical-unset\"><div class=\"wp-block-themeisle-blocks-advanced-columns-overlay\"><\/div><div class=\"innerblocks-wrap\">\n<div id=\"wp-block-themeisle-blocks-advanced-column-3c119eda\" class=\"wp-block-themeisle-blocks-advanced-column\">\n<p>Selezioniamo le migliori cantine italiane in base a criteri quali: qualit\u00e0 del vino, premi ricevuti, metodi di produzione rispettosi, produzioni BIO<\/p>\n\n\n\n<p>Ci affidiamo ai migliori spedizionieri per garantire le spedizioni pi\u00f9 veloci a temperatura controllata cos\u00ec da evitare sbalzi di temperatura. Il vino non viene n\u00e8 refrigerato a 5\u00b0 o meno n\u00e8 supera mai temperature di 20\u00b0 gradi.<\/p>\n\n\n\n<p>Tutta la merce viene stoccata nel nostro magazzino che \u00e8 a temperatura controllata tutto l&#8217;anno, anche nelle estati pi\u00f9 torride la temperatura \u00e8 sempre sotto i 20\u00b0.<\/p>\n\n\n\n<p>Ti consegniamo la quantit\u00e0 di merce che hai bisogno, quando ne hai bisogno.<\/p>\n<\/div>\n<\/div><\/div>\n","protected":false},"excerpt":{"rendered":"","protected":false},"author":1,"featured_media":0,"parent":0,"menu_order":0,"comment_status":"closed","ping_status":"closed","template":"","meta":{"content-type":"","_monsterinsights_skip_tracking":false,"_monsterinsights_sitenote_active":false,"_monsterinsights_sitenote_note":"","_monsterinsights_sitenote_category":0,"_themeisle_gutenberg_block_has_review":false,"footnotes":""},"class_list":["post-9135","page","type-page","status-publish","hentry"],"_links":{"self":[{"href":"https:\/\/italiantaste.es\/it\/wp-json\/wp\/v2\/pages\/9135","targetHints":{"allow":["GET"]}}],"collection":[{"href":"https:\/\/italiantaste.es\/it\/wp-json\/wp\/v2\/pages"}],"about":[{"href":"https:\/\/italiantaste.es\/it\/wp-json\/wp\/v2\/types\/page"}],"author":[{"embeddable":true,"href":"https:\/\/italiantaste.es\/it\/wp-json\/wp\/v2\/users\/1"}],"replies":[{"embeddable":true,"href":"https:\/\/italiantaste.es\/it\/wp-json\/wp\/v2\/comments?post=9135"}],"version-history":[{"count":1,"href":"https:\/\/italiantaste.es\/it\/wp-json\/wp\/v2\/pages\/9135\/revisions"}],"predecessor-version":[{"id":9136,"href":"https:\/\/italiantaste.es\/it\/wp-json\/wp\/v2\/pages\/9135\/revisions\/9136"}],"wp:attachment":[{"href":"https:\/\/italiantaste.es\/it\/wp-json\/wp\/v2\/media?parent=9135"}],"curies":[{"name":"wp","href":"https:\/\/api.w.org\/{rel}","templated":true}]}}