{"id":9193,"date":"2022-05-03T11:57:44","date_gmt":"2022-05-03T11:57:44","guid":{"rendered":"https:\/\/italiantaste.es\/qualita-dei-vini\/"},"modified":"2022-05-03T11:58:51","modified_gmt":"2022-05-03T11:58:51","slug":"qualita-dei-vini","status":"publish","type":"page","link":"https:\/\/italiantaste.es\/it\/qualita-dei-vini\/","title":{"rendered":"Qualit\u00e0 dei vini"},"content":{"rendered":"\n<div id=\"wp-block-themeisle-blocks-advanced-columns-b1c4a3b2\" class=\"wp-block-themeisle-blocks-advanced-columns has-1-columns has-desktop-equal-layout has-tablet-equal-layout has-mobile-equal-layout has-vertical-unset\"><div class=\"wp-block-themeisle-blocks-advanced-columns-overlay\"><\/div><div class=\"innerblocks-wrap\">\n<div id=\"wp-block-themeisle-blocks-advanced-column-532fbcf5\" class=\"wp-block-themeisle-blocks-advanced-column\">\n<p>Il vino italiano \u00e8 riconosciuto in tutto il mondo per la sua qualit\u00e0. Qualit\u00e0 che noi prendiamo molto sul serio.<\/p>\n\n\n\n<p>Infatti oltre alle caratteristiche visive, olfattive e degustative del vino che sono i primi fattori che vengono presi in considerazione, valutiamo anche i metodi di produzione e il confezionamento.<\/p>\n\n\n\n<p>Il vino, ancora prima di esser scelto per le sue caratteristiche, viene scelte da una clientela internazionale anche per come si presenta con la bottiglia. Quindi forma, dimensione e peso della bottiglia, l&#8217;etichetta e il tappo rientrano anche loro nei nostri processi di indetificazione dei vini da importare.<\/p>\n\n\n\n<p>Dopodich\u00e8 vengono presi altri fattori come per esempio i vini preferiti e pi\u00f9 conosciuti nei paesi europei che pi\u00f9 frequentano le isole Canarie, la temperatura durante il periodo invernale ed estivo per proporre vini sempre piacevoli anche in base alla temperatura esterna, &#8230;<\/p>\n<\/div>\n<\/div><\/div>\n","protected":false},"excerpt":{"rendered":"","protected":false},"author":1,"featured_media":0,"parent":0,"menu_order":0,"comment_status":"closed","ping_status":"closed","template":"","meta":{"content-type":"","_monsterinsights_skip_tracking":false,"_monsterinsights_sitenote_active":false,"_monsterinsights_sitenote_note":"","_monsterinsights_sitenote_category":0,"_themeisle_gutenberg_block_has_review":false,"footnotes":""},"class_list":["post-9193","page","type-page","status-publish","hentry"],"_links":{"self":[{"href":"https:\/\/italiantaste.es\/it\/wp-json\/wp\/v2\/pages\/9193","targetHints":{"allow":["GET"]}}],"collection":[{"href":"https:\/\/italiantaste.es\/it\/wp-json\/wp\/v2\/pages"}],"about":[{"href":"https:\/\/italiantaste.es\/it\/wp-json\/wp\/v2\/types\/page"}],"author":[{"embeddable":true,"href":"https:\/\/italiantaste.es\/it\/wp-json\/wp\/v2\/users\/1"}],"replies":[{"embeddable":true,"href":"https:\/\/italiantaste.es\/it\/wp-json\/wp\/v2\/comments?post=9193"}],"version-history":[{"count":1,"href":"https:\/\/italiantaste.es\/it\/wp-json\/wp\/v2\/pages\/9193\/revisions"}],"predecessor-version":[{"id":9194,"href":"https:\/\/italiantaste.es\/it\/wp-json\/wp\/v2\/pages\/9193\/revisions\/9194"}],"wp:attachment":[{"href":"https:\/\/italiantaste.es\/it\/wp-json\/wp\/v2\/media?parent=9193"}],"curies":[{"name":"wp","href":"https:\/\/api.w.org\/{rel}","templated":true}]}}