{"id":9198,"date":"2022-05-03T12:04:44","date_gmt":"2022-05-03T12:04:44","guid":{"rendered":"https:\/\/italiantaste.es\/vino-biologico-italiano\/"},"modified":"2022-05-03T12:05:16","modified_gmt":"2022-05-03T12:05:16","slug":"vino-biologico-italiano","status":"publish","type":"page","link":"https:\/\/italiantaste.es\/it\/vino-biologico-italiano\/","title":{"rendered":"Vino Biologico Italiano"},"content":{"rendered":"\n<div id=\"wp-block-themeisle-blocks-advanced-columns-c46442b8\" class=\"wp-block-themeisle-blocks-advanced-columns has-1-columns has-desktop-equal-layout has-tablet-equal-layout has-mobile-equal-layout has-vertical-unset\"><div class=\"wp-block-themeisle-blocks-advanced-columns-overlay\"><\/div><div class=\"innerblocks-wrap\">\n<div id=\"wp-block-themeisle-blocks-advanced-column-697da39a\" class=\"wp-block-themeisle-blocks-advanced-column\">\n<p>Da sempre i produttori italiani si dedicano alla coltura biologica, ed oggi che il mercato \u00e8 sempre maggiormente alla ricerca di prodotti BIO di qualit\u00e0, questo aspetto \u00e8 stato disciplinato dal legislatore, pertanto selezionamo e vendiamo vini Biologici che ricevono la certificazione che ne garantisce gli elevati standard.<\/p>\n\n\n\n<p>Nel nostro catalogo sono presenti molti vini italiani biologici rossi e bianchi.<\/p>\n<\/div>\n<\/div><\/div>\n","protected":false},"excerpt":{"rendered":"","protected":false},"author":1,"featured_media":0,"parent":0,"menu_order":0,"comment_status":"closed","ping_status":"closed","template":"","meta":{"content-type":"","_monsterinsights_skip_tracking":false,"_monsterinsights_sitenote_active":false,"_monsterinsights_sitenote_note":"","_monsterinsights_sitenote_category":0,"_themeisle_gutenberg_block_has_review":false,"footnotes":""},"class_list":["post-9198","page","type-page","status-publish","hentry"],"_links":{"self":[{"href":"https:\/\/italiantaste.es\/it\/wp-json\/wp\/v2\/pages\/9198","targetHints":{"allow":["GET"]}}],"collection":[{"href":"https:\/\/italiantaste.es\/it\/wp-json\/wp\/v2\/pages"}],"about":[{"href":"https:\/\/italiantaste.es\/it\/wp-json\/wp\/v2\/types\/page"}],"author":[{"embeddable":true,"href":"https:\/\/italiantaste.es\/it\/wp-json\/wp\/v2\/users\/1"}],"replies":[{"embeddable":true,"href":"https:\/\/italiantaste.es\/it\/wp-json\/wp\/v2\/comments?post=9198"}],"version-history":[{"count":1,"href":"https:\/\/italiantaste.es\/it\/wp-json\/wp\/v2\/pages\/9198\/revisions"}],"predecessor-version":[{"id":9199,"href":"https:\/\/italiantaste.es\/it\/wp-json\/wp\/v2\/pages\/9198\/revisions\/9199"}],"wp:attachment":[{"href":"https:\/\/italiantaste.es\/it\/wp-json\/wp\/v2\/media?parent=9198"}],"curies":[{"name":"wp","href":"https:\/\/api.w.org\/{rel}","templated":true}]}}